{"id":141,"date":"2023-04-06T11:58:14","date_gmt":"2023-04-06T10:58:14","guid":{"rendered":"http:\/\/beta.inscico.de\/?page_id=141"},"modified":"2023-04-07T13:11:34","modified_gmt":"2023-04-07T12:11:34","slug":"kontakt","status":"publish","type":"page","link":"https:\/\/inscico.eu\/en\/kontakt\/","title":{"rendered":"Contact"},"content":{"rendered":"<div data-elementor-type=\"wp-page\" data-elementor-id=\"141\" class=\"elementor elementor-141\" data-elementor-post-type=\"page\">\n\t\t\t\t\t\t<section class=\"elementor-section elementor-top-section elementor-element elementor-element-f54b87e elementor-section-boxed elementor-section-height-default elementor-section-height-default\" data-id=\"f54b87e\" data-element_type=\"section\">\n\t\t\t\t\t\t<div class=\"elementor-container elementor-column-gap-default\">\n\t\t\t\t\t<div class=\"elementor-column elementor-col-100 elementor-top-column elementor-element elementor-element-3fec888\" data-id=\"3fec888\" data-element_type=\"column\">\n\t\t\t<div class=\"elementor-widget-wrap elementor-element-populated\">\n\t\t\t\t\t\t<section class=\"elementor-section elementor-inner-section elementor-element elementor-element-c142f97 elementor-section-content-middle elementor-section-boxed elementor-section-height-default elementor-section-height-default\" data-id=\"c142f97\" data-element_type=\"section\">\n\t\t\t\t\t\t<div class=\"elementor-container elementor-column-gap-default\">\n\t\t\t\t\t<div class=\"elementor-column elementor-col-50 elementor-inner-column elementor-element elementor-element-7ac9cd0\" data-id=\"7ac9cd0\" data-element_type=\"column\">\n\t\t\t<div class=\"elementor-widget-wrap elementor-element-populated\">\n\t\t\t\t\t\t<div class=\"elementor-element elementor-element-eaf292d elementor-widget elementor-widget-text-editor\" data-id=\"eaf292d\" data-element_type=\"widget\" data-widget_type=\"text-editor.default\">\n\t\t\t\t<div class=\"elementor-widget-container\">\n\t\t\t\t\t\t\t<p style=\"font-weight: 400;\">You can reach our Head Office (opposite RW university campus in Kleve, Germany) during the usual office hours (+49 2821.5908.1840) or via email (<a href=\"mailto:office@inscico.eu\">mailto:office@inscico.eu<\/a>).<\/p><p><span style=\"font-weight: 400;\">Our <\/span><span style=\"font-weight: 400;\"><a href=\"https:\/\/twitter.com\/inscico\">Twitter<\/a><\/span><span style=\"font-weight: 400;\"> account is mainly managed by Research Director Alexander Gerber. You can also find us on <\/span><span style=\"font-weight: 400;\"><a href=\"https:\/\/www.youtube.com\/channel\/UCX3dLWg0So4L-2zaYl7hYYA\" data-wplink-edit=\"true\">YouTube<\/a>.<\/span><\/p>\t\t\t\t\t\t<\/div>\n\t\t\t\t<\/div>\n\t\t\t\t\t<\/div>\n\t\t<\/div>\n\t\t\t\t<div class=\"elementor-column elementor-col-50 elementor-inner-column elementor-element elementor-element-1acf2d0\" data-id=\"1acf2d0\" data-element_type=\"column\">\n\t\t\t<div class=\"elementor-widget-wrap elementor-element-populated\">\n\t\t\t\t\t\t<div class=\"elementor-element elementor-element-cc1f9a4 elementor-widget elementor-widget-image\" data-id=\"cc1f9a4\" data-element_type=\"widget\" data-widget_type=\"image.default\">\n\t\t\t\t<div class=\"elementor-widget-container\">\n\t\t\t\t\t\t\t\t\t\t\t\t\t<img fetchpriority=\"high\" decoding=\"async\" width=\"800\" height=\"614\" src=\"https:\/\/inscico.eu\/wp-content\/uploads\/2023\/04\/SIC-Splashes-1024x786.jpg\" class=\"attachment-large size-large wp-image-150\" alt=\"\" srcset=\"https:\/\/inscico.eu\/wp-content\/uploads\/2023\/04\/SIC-Splashes-1024x786.jpg 1024w, https:\/\/inscico.eu\/wp-content\/uploads\/2023\/04\/SIC-Splashes-300x230.jpg 300w, https:\/\/inscico.eu\/wp-content\/uploads\/2023\/04\/SIC-Splashes-768x590.jpg 768w, https:\/\/inscico.eu\/wp-content\/uploads\/2023\/04\/SIC-Splashes-1536x1179.jpg 1536w, https:\/\/inscico.eu\/wp-content\/uploads\/2023\/04\/SIC-Splashes-2048x1572.jpg 2048w, https:\/\/inscico.eu\/wp-content\/uploads\/2023\/04\/SIC-Splashes-16x12.jpg 16w\" sizes=\"(max-width: 800px) 100vw, 800px\" \/>\t\t\t\t\t\t\t\t\t\t\t\t\t<\/div>\n\t\t\t\t<\/div>\n\t\t\t\t\t<\/div>\n\t\t<\/div>\n\t\t\t\t\t<\/div>\n\t\t<\/section>\n\t\t\t\t<div class=\"elementor-element elementor-element-f6b4869 elementor-widget-divider--view-line elementor-widget elementor-widget-divider\" data-id=\"f6b4869\" data-element_type=\"widget\" data-widget_type=\"divider.default\">\n\t\t\t\t<div class=\"elementor-widget-container\">\n\t\t\t\t\t<div class=\"elementor-divider\">\n\t\t\t<span class=\"elementor-divider-separator\">\n\t\t\t\t\t\t<\/span>\n\t\t<\/div>\n\t\t\t\t<\/div>\n\t\t\t\t<\/div>\n\t\t\t\t\t<\/div>\n\t\t<\/div>\n\t\t\t\t\t<\/div>\n\t\t<\/section>\n\t\t\t\t<\/div>","protected":false},"excerpt":{"rendered":"<p>Sie erreichen unsere Gesch\u00e4ftsstelle (gegen\u00fcber dem Rhein-Waal Hochschulcampus in Kleve) w\u00e4hrend den \u00fcblichen B\u00fcrozeiten unter +49\u00a0(0)\u00a02821\u00a0590\u00a08184-0 oder per E-Mail (office@inscico.eu). Unser Twitter-Account wird derzeit \u00fcberwiegend von Forschungs-Direktor Alexander Gerber bespielt. Au\u00dferdem finden Sie uns auf YouTube.<\/p>","protected":false},"author":1,"featured_media":0,"parent":0,"menu_order":0,"comment_status":"closed","ping_status":"closed","template":"","meta":{"footnotes":""},"class_list":["post-141","page","type-page","status-publish","hentry"],"_links":{"self":[{"href":"https:\/\/inscico.eu\/en\/wp-json\/wp\/v2\/pages\/141","targetHints":{"allow":["GET"]}}],"collection":[{"href":"https:\/\/inscico.eu\/en\/wp-json\/wp\/v2\/pages"}],"about":[{"href":"https:\/\/inscico.eu\/en\/wp-json\/wp\/v2\/types\/page"}],"author":[{"embeddable":true,"href":"https:\/\/inscico.eu\/en\/wp-json\/wp\/v2\/users\/1"}],"replies":[{"embeddable":true,"href":"https:\/\/inscico.eu\/en\/wp-json\/wp\/v2\/comments?post=141"}],"version-history":[{"count":25,"href":"https:\/\/inscico.eu\/en\/wp-json\/wp\/v2\/pages\/141\/revisions"}],"predecessor-version":[{"id":215,"href":"https:\/\/inscico.eu\/en\/wp-json\/wp\/v2\/pages\/141\/revisions\/215"}],"wp:attachment":[{"href":"https:\/\/inscico.eu\/en\/wp-json\/wp\/v2\/media?parent=141"}],"curies":[{"name":"wp","href":"https:\/\/api.w.org\/{rel}","templated":true}]}}