{"id":734,"date":"2023-08-18T17:36:16","date_gmt":"2023-08-18T16:36:16","guid":{"rendered":"https:\/\/inscico.eu\/?page_id=734"},"modified":"2023-09-05T14:27:56","modified_gmt":"2023-09-05T13:27:56","slug":"about-us-de","status":"publish","type":"page","link":"https:\/\/inscico.eu\/en\/about-us-de\/","title":{"rendered":"About Us DE"},"content":{"rendered":"<div data-elementor-type=\"wp-page\" data-elementor-id=\"734\" class=\"elementor elementor-734\" data-elementor-post-type=\"page\">\n\t\t\t\t<div class=\"elementor-element elementor-element-e46eff0 e-flex e-con-boxed e-con e-parent\" data-id=\"e46eff0\" data-element_type=\"container\" data-settings=\"{&quot;background_background&quot;:&quot;classic&quot;}\">\n\t\t\t\t\t<div class=\"e-con-inner\">\n\t\t<div class=\"elementor-element elementor-element-250526f e-flex e-con-boxed e-con e-parent\" data-id=\"250526f\" data-element_type=\"container\">\n\t\t\t\t\t<div class=\"e-con-inner\">\n\t\t<div class=\"elementor-element elementor-element-8effc76 e-flex e-con-boxed e-con e-parent\" data-id=\"8effc76\" data-element_type=\"container\" data-settings=\"{&quot;background_background&quot;:&quot;classic&quot;}\">\n\t\t\t\t\t<div class=\"e-con-inner\">\n\t\t\t\t<div class=\"elementor-element elementor-element-4dc1f77 elementor-widget elementor-widget-heading\" data-id=\"4dc1f77\" data-element_type=\"widget\" data-widget_type=\"heading.default\">\n\t\t\t\t<div class=\"elementor-widget-container\">\n\t\t\t<h2 class=\"elementor-heading-title elementor-size-default\">Mission Statement<\/h2>\t\t<\/div>\n\t\t\t\t<\/div>\n\t\t\t\t<div class=\"elementor-element elementor-element-9d0dc7d elementor-widget elementor-widget-text-editor\" data-id=\"9d0dc7d\" data-element_type=\"widget\" data-widget_type=\"text-editor.default\">\n\t\t\t\t<div class=\"elementor-widget-container\">\n\t\t\t\t\t\t\t<p>We generally seek to analyse and improve the communication within systems in which complex knowledge is created, shared, and applied, hence the focus on science and innovation. We particularly see communication as a change agent for sustainability transitions in all of their four dimensions: a transformation towards systems that are both socially and culturally, ecologically and economically more sustainable.<\/p><p>Our applied-fundamental research on co-creating science and innovation with stakeholders, aims at improving these various discourses - an area that has increasingly been framed as \u2018Social Innovation\u2019.<\/p>\t\t\t\t\t\t<\/div>\n\t\t\t\t<\/div>\n\t\t\t\t\t<\/div>\n\t\t\t\t<\/div>\n\t\t\t\t\t<\/div>\n\t\t\t\t<\/div>\n\t\t\t\t\t<\/div>\n\t\t\t\t<\/div>\n\t\t<div class=\"elementor-element elementor-element-adf6320 e-flex e-con-boxed e-con e-parent\" data-id=\"adf6320\" data-element_type=\"container\" data-settings=\"{&quot;background_background&quot;:&quot;classic&quot;}\">\n\t\t\t\t\t<div class=\"e-con-inner\">\n\t\t<div class=\"elementor-element elementor-element-160e0b8 e-flex e-con-boxed e-con e-parent\" data-id=\"160e0b8\" data-element_type=\"container\">\n\t\t\t\t\t<div class=\"e-con-inner\">\n\t\t<div class=\"elementor-element elementor-element-33021c9 e-con-full e-flex e-con e-parent\" data-id=\"33021c9\" data-element_type=\"container\">\n\t\t\t\t<div class=\"elementor-element elementor-element-883a6b7 elementor-widget elementor-widget-image\" data-id=\"883a6b7\" data-element_type=\"widget\" data-widget_type=\"image.default\">\n\t\t\t\t<div class=\"elementor-widget-container\">\n\t\t\t\t\t\t\t\t\t\t\t\t\t<img fetchpriority=\"high\" decoding=\"async\" width=\"300\" height=\"300\" src=\"https:\/\/inscico.eu\/wp-content\/uploads\/2023\/07\/Logo-Icon-White-SVG.svg\" class=\"attachment-medium size-medium wp-image-527\" alt=\"\" \/>\t\t\t\t\t\t\t\t\t\t\t\t\t<\/div>\n\t\t\t\t<\/div>\n\t\t\t\t<\/div>\n\t\t<div class=\"elementor-element elementor-element-bd08432 e-con-full e-flex e-con e-parent\" data-id=\"bd08432\" data-element_type=\"container\">\n\t\t\t\t<div class=\"elementor-element elementor-element-fcf62e5 elementor-widget elementor-widget-heading\" data-id=\"fcf62e5\" data-element_type=\"widget\" data-widget_type=\"heading.default\">\n\t\t\t\t<div class=\"elementor-widget-container\">\n\t\t\t<h2 class=\"elementor-heading-title elementor-size-default\">\nStructure<\/h2>\t\t<\/div>\n\t\t\t\t<\/div>\n\t\t\t\t<div class=\"elementor-element elementor-element-9e22fad elementor-widget elementor-widget-text-editor\" data-id=\"9e22fad\" data-element_type=\"widget\" data-widget_type=\"text-editor.default\">\n\t\t\t\t<div class=\"elementor-widget-container\">\n\t\t\t\t\t\t\t<p>inscico was founded in 2010 as an extramural research institute out of Fraunhofer in Berlin, originally for profit but soon converted into a non-profit (fully acknowledged by the German tax authorities and all relevant public and private research funding organisations).<\/p><p>The institute has never received any regular institutional funding, neither from public nor private sources, but has always relied exclusively on contract research, tendered \/ funded projects and consulting services. Its shares have always been held by a few committed individuals, and never by any companies or interest groups, which makes us comparatively independent.<\/p>\t\t\t\t\t\t<\/div>\n\t\t\t\t<\/div>\n\t\t\t\t<\/div>\n\t\t\t\t\t<\/div>\n\t\t\t\t<\/div>\n\t\t\t\t\t<\/div>\n\t\t\t\t<\/div>\n\t\t<div class=\"elementor-element elementor-element-12d81ec e-flex e-con-boxed e-con e-parent\" data-id=\"12d81ec\" data-element_type=\"container\">\n\t\t\t\t\t<div class=\"e-con-inner\">\n\t\t\t\t<div class=\"elementor-element elementor-element-c934495 elementor-widget elementor-widget-heading\" data-id=\"c934495\" data-element_type=\"widget\" data-widget_type=\"heading.default\">\n\t\t\t\t<div class=\"elementor-widget-container\">\n\t\t\t<h2 class=\"elementor-heading-title elementor-size-default\">The Team<\/h2>\t\t<\/div>\n\t\t\t\t<\/div>\n\t\t\t\t<div class=\"elementor-element elementor-element-d9c05b2 elementor-widget elementor-widget-text-editor\" data-id=\"d9c05b2\" data-element_type=\"widget\" data-widget_type=\"text-editor.default\">\n\t\t\t\t<div class=\"elementor-widget-container\">\n\t\t\t\t\t\t\t<p>inscico is being jointly managed by Co-founder Alexander Gerber as Research Director (Full Professor of Science Communication at Rhine-Waal University, NRW\/Germany) and Bernd M\u00fcller as Managing Director (originally a physicist, then a trained journalist and innovation manager). The second co-founder, Dino Trescher, has a background in science journalism and science marketing.<\/p><p>Compared to research institutions in the public-sector, such as universities but also extramural RTOs, the team structure at inscico responds much more flexibly to current project needs: Most technical experts and senior research fellows are employed temporarily for several months or a few years. In recent years, the team comprised renowned experts such as Dr. Eric Jensen (author of \u201cDoing Real Research\u201d), Prof. Dr. Brady Wagoner (Cultural Psychology), Dr. Jennifer Metcalfe (Acting President of PCST), Dr. Peter Broks (author of \u201cUnderstanding Popular Science\u201d), Prof. Dr. Julia Lorke (Biology Didactics).<\/p><p>Mit Stand Fr\u00fchjahr 2023 sind wir ganz besonders dankbar f\u00fcr unser eifriges Team im EU-gef\u00f6rderten \u201eGreen Deal\u201c-Projekt\u00a0<a href=\"https:\/\/www.aurora-h2020.eu\/\">AURORA<\/a>: Social Media Manager Johannes Bopp, Softwaresystem- und Webdesign-Koordinator Lars Lorenz, Mediengestalterin Daniela Martin, Filmproduzentinnen Anna Pesavento und Birte Gerstenkorn,\u00a0 und Redakteurin Lali van Zuydam. Eine Website mit Mitarbeiterprofilen ist in Planung.<\/p>\t\t\t\t\t\t<\/div>\n\t\t\t\t<\/div>\n\t\t\t\t\t<\/div>\n\t\t\t\t<\/div>\n\t\t\t\t<\/div>","protected":false},"excerpt":{"rendered":"<p>Leitbild Grunds\u00e4tzlich geht es uns um Analyse und Verbesserung von Kommunikation innerhalb all jener Systeme, in denen komplexes Wissen geschaffen, geteilt und angewandt wird, daher der Fokus auf Wissenschaft und Innovation. Wir sehen Kommunikation vor allem als Schl\u00fcssel f\u00fcr die Nachhaltigkeits-Transformation in all ihren vier Dimensionen \u2013 f\u00fcr Systeme, die sowohl sozial und kulturell als [&hellip;]<\/p>","protected":false},"author":2,"featured_media":0,"parent":0,"menu_order":0,"comment_status":"closed","ping_status":"closed","template":"","meta":{"footnotes":""},"class_list":["post-734","page","type-page","status-publish","hentry"],"_links":{"self":[{"href":"https:\/\/inscico.eu\/en\/wp-json\/wp\/v2\/pages\/734","targetHints":{"allow":["GET"]}}],"collection":[{"href":"https:\/\/inscico.eu\/en\/wp-json\/wp\/v2\/pages"}],"about":[{"href":"https:\/\/inscico.eu\/en\/wp-json\/wp\/v2\/types\/page"}],"author":[{"embeddable":true,"href":"https:\/\/inscico.eu\/en\/wp-json\/wp\/v2\/users\/2"}],"replies":[{"embeddable":true,"href":"https:\/\/inscico.eu\/en\/wp-json\/wp\/v2\/comments?post=734"}],"version-history":[{"count":7,"href":"https:\/\/inscico.eu\/en\/wp-json\/wp\/v2\/pages\/734\/revisions"}],"predecessor-version":[{"id":789,"href":"https:\/\/inscico.eu\/en\/wp-json\/wp\/v2\/pages\/734\/revisions\/789"}],"wp:attachment":[{"href":"https:\/\/inscico.eu\/en\/wp-json\/wp\/v2\/media?parent=734"}],"curies":[{"name":"wp","href":"https:\/\/api.w.org\/{rel}","templated":true}]}}