{"id":739,"date":"2023-08-18T17:39:57","date_gmt":"2023-08-18T16:39:57","guid":{"rendered":"https:\/\/inscico.eu\/?page_id=739"},"modified":"2024-12-09T09:45:53","modified_gmt":"2024-12-09T09:45:53","slug":"contact-de","status":"publish","type":"page","link":"https:\/\/inscico.eu\/en\/contact-de\/","title":{"rendered":"Contact DE"},"content":{"rendered":"<div data-elementor-type=\"wp-page\" data-elementor-id=\"739\" class=\"elementor elementor-739\" data-elementor-post-type=\"page\">\n\t\t\t\t<div class=\"elementor-element elementor-element-e46eff0 e-flex e-con-boxed e-con e-parent\" data-id=\"e46eff0\" data-element_type=\"container\" data-settings=\"{&quot;background_background&quot;:&quot;classic&quot;}\">\n\t\t\t\t\t<div class=\"e-con-inner\">\n\t\t<div class=\"elementor-element elementor-element-250526f e-flex e-con-boxed e-con e-child\" data-id=\"250526f\" data-element_type=\"container\">\n\t\t\t\t\t<div class=\"e-con-inner\">\n\t\t<div class=\"elementor-element elementor-element-8effc76 e-flex e-con-boxed e-con e-child\" data-id=\"8effc76\" data-element_type=\"container\" data-settings=\"{&quot;background_background&quot;:&quot;classic&quot;}\">\n\t\t\t\t\t<div class=\"e-con-inner\">\n\t\t\t\t<div class=\"elementor-element elementor-element-4dc1f77 elementor-widget elementor-widget-heading\" data-id=\"4dc1f77\" data-element_type=\"widget\" data-widget_type=\"heading.default\">\n\t\t\t\t<div class=\"elementor-widget-container\">\n\t\t\t<h2 class=\"elementor-heading-title elementor-size-default\">Contact<\/h2>\t\t<\/div>\n\t\t\t\t<\/div>\n\t\t\t\t<div class=\"elementor-element elementor-element-9d0dc7d elementor-widget elementor-widget-text-editor\" data-id=\"9d0dc7d\" data-element_type=\"widget\" data-widget_type=\"text-editor.default\">\n\t\t\t\t<div class=\"elementor-widget-container\">\n\t\t\t\t\t\t\t<p>You can reach our Head Office (EuroTec industrial park in Moers, Germany) during the usual office hours (+49 2821.5908.1840) or via email (<a href=\"mailto:office@inscico.eu\">mailto:office@inscico.eu<\/a>).<\/p><p>Our <a href=\"https:\/\/twitter.com\/inscico\">X account<\/a> (formerly Twitter) is mainly managed by Research Director Alexander Gerber. You can also find us on <a href=\"https:\/\/www.youtube.com\/channel\/UCX3dLWg0So4L-2zaYl7hYYA\">YouTube<\/a>.<\/p>\t\t\t\t\t\t<\/div>\n\t\t\t\t<\/div>\n\t\t\t\t\t<\/div>\n\t\t\t\t<\/div>\n\t\t\t\t\t<\/div>\n\t\t\t\t<\/div>\n\t\t\t\t\t<\/div>\n\t\t\t\t<\/div>\n\t\t\t\t<\/div>","protected":false},"excerpt":{"rendered":"<p>Kontakt Sie erreichen unsere Gesch\u00e4ftsstelle (EuroTec-Gewerbegebiet in Moers) w\u00e4hrend der \u00fcblichen B\u00fcrozeiten unter +49 (0) 2821 590 8184-0 oder per E-Mail (office@inscico.eu). Unser Account bei X (ehemals Twitter) wird derzeit \u00fcberwiegend von Forschungs-Direktor Alexander Gerber bespielt. Au\u00dferdem finden Sie uns auf YouTube.<\/p>","protected":false},"author":2,"featured_media":0,"parent":0,"menu_order":0,"comment_status":"closed","ping_status":"closed","template":"","meta":{"footnotes":""},"class_list":["post-739","page","type-page","status-publish","hentry"],"_links":{"self":[{"href":"https:\/\/inscico.eu\/en\/wp-json\/wp\/v2\/pages\/739","targetHints":{"allow":["GET"]}}],"collection":[{"href":"https:\/\/inscico.eu\/en\/wp-json\/wp\/v2\/pages"}],"about":[{"href":"https:\/\/inscico.eu\/en\/wp-json\/wp\/v2\/types\/page"}],"author":[{"embeddable":true,"href":"https:\/\/inscico.eu\/en\/wp-json\/wp\/v2\/users\/2"}],"replies":[{"embeddable":true,"href":"https:\/\/inscico.eu\/en\/wp-json\/wp\/v2\/comments?post=739"}],"version-history":[{"count":10,"href":"https:\/\/inscico.eu\/en\/wp-json\/wp\/v2\/pages\/739\/revisions"}],"predecessor-version":[{"id":806,"href":"https:\/\/inscico.eu\/en\/wp-json\/wp\/v2\/pages\/739\/revisions\/806"}],"wp:attachment":[{"href":"https:\/\/inscico.eu\/en\/wp-json\/wp\/v2\/media?parent=739"}],"curies":[{"name":"wp","href":"https:\/\/api.w.org\/{rel}","templated":true}]}}