{"id":8,"date":"2022-06-14T12:22:29","date_gmt":"2022-06-14T11:22:29","guid":{"rendered":"http:\/\/beta.inscico.de\/?page_id=8"},"modified":"2023-05-02T13:08:40","modified_gmt":"2023-05-02T12:08:40","slug":"home","status":"publish","type":"page","link":"https:\/\/inscico.eu\/en\/home\/","title":{"rendered":"inscico"},"content":{"rendered":"<div data-elementor-type=\"wp-post\" data-elementor-id=\"8\" class=\"elementor elementor-8\" data-elementor-post-type=\"page\">\n\t\t\t\t\t\t<section class=\"elementor-section elementor-top-section elementor-element elementor-element-64fb3d28 elementor-section-height-min-height elementor-section-boxed elementor-section-height-default elementor-section-items-middle elementor-invisible\" data-id=\"64fb3d28\" data-element_type=\"section\" data-settings=\"{&quot;background_background&quot;:&quot;classic&quot;,&quot;animation&quot;:&quot;fadeInUp&quot;}\">\n\t\t\t\t\t\t<div class=\"elementor-container elementor-column-gap-default\">\n\t\t\t\t\t<div class=\"elementor-column elementor-col-100 elementor-top-column elementor-element elementor-element-7e4a1df6\" data-id=\"7e4a1df6\" data-element_type=\"column\">\n\t\t\t<div class=\"elementor-widget-wrap elementor-element-populated\">\n\t\t\t\t\t\t<div class=\"elementor-element elementor-element-eb05012 elementor-widget elementor-widget-image\" data-id=\"eb05012\" data-element_type=\"widget\" data-widget_type=\"image.default\">\n\t\t\t\t<div class=\"elementor-widget-container\">\n\t\t\t\t\t\t\t\t\t\t\t\t\t<img fetchpriority=\"high\" decoding=\"async\" width=\"800\" height=\"216\" src=\"https:\/\/inscico.eu\/wp-content\/uploads\/2023\/04\/inscico_logo_w.png\" class=\"attachment-large size-large wp-image-121\" alt=\"\" srcset=\"https:\/\/inscico.eu\/wp-content\/uploads\/2023\/04\/inscico_logo_w.png 1000w, https:\/\/inscico.eu\/wp-content\/uploads\/2023\/04\/inscico_logo_w-300x81.png 300w, https:\/\/inscico.eu\/wp-content\/uploads\/2023\/04\/inscico_logo_w-768x207.png 768w, https:\/\/inscico.eu\/wp-content\/uploads\/2023\/04\/inscico_logo_w-18x5.png 18w\" sizes=\"(max-width: 800px) 100vw, 800px\" \/>\t\t\t\t\t\t\t\t\t\t\t\t\t<\/div>\n\t\t\t\t<\/div>\n\t\t\t\t<div class=\"elementor-element elementor-element-3da4813 elementor-widget elementor-widget-spacer\" data-id=\"3da4813\" data-element_type=\"widget\" data-widget_type=\"spacer.default\">\n\t\t\t\t<div class=\"elementor-widget-container\">\n\t\t\t\t\t<div class=\"elementor-spacer\">\n\t\t\t<div class=\"elementor-spacer-inner\"><\/div>\n\t\t<\/div>\n\t\t\t\t<\/div>\n\t\t\t\t<\/div>\n\t\t\t\t<div class=\"elementor-element elementor-element-252f624 elementor-headline--style-rotate elementor-widget elementor-widget-animated-headline\" data-id=\"252f624\" data-element_type=\"widget\" data-settings=\"{&quot;headline_style&quot;:&quot;rotate&quot;,&quot;animation_type&quot;:&quot;slide-down&quot;,&quot;rotating_text&quot;:&quot;&lt;b&gt;Communicate&lt;\\\/b&gt; to &lt;b&gt;Innovate&lt;\\\/b&gt;\\n&lt;b&gt;Innovate&lt;\\\/b&gt; to &lt;b&gt;Communicate&lt;\\\/b&gt;&quot;,&quot;rotate_iteration_delay&quot;:7500,&quot;loop&quot;:&quot;yes&quot;}\" data-widget_type=\"animated-headline.default\">\n\t\t\t\t<div class=\"elementor-widget-container\">\n\t\t\t\t\t<h1 class=\"elementor-headline elementor-headline-animation-type-slide-down\">\n\t\t\t\t<span class=\"elementor-headline-dynamic-wrapper elementor-headline-text-wrapper\">\n\t\t\t\t\t<span class=\"elementor-headline-dynamic-text elementor-headline-text-active\">\n\t\t\t\t<b>Communicate<\/b>&nbsp;to&nbsp;<b>Innovate<\/b>\t\t\t<\/span>\n\t\t\t\t\t<span class=\"elementor-headline-dynamic-text\">\n\t\t\t\t<b>Innovate<\/b>&nbsp;to&nbsp;<b>Communicate<\/b>\t\t\t<\/span>\n\t\t\t\t\t\t<\/span>\n\t\t\t\t<\/h1>\n\t\t\t\t<\/div>\n\t\t\t\t<\/div>\n\t\t\t\t<div class=\"elementor-element elementor-element-793b7bc elementor-widget elementor-widget-text-editor\" data-id=\"793b7bc\" data-element_type=\"widget\" data-widget_type=\"text-editor.default\">\n\t\t\t\t<div class=\"elementor-widget-container\">\n\t\t\t\t\t\t\t<p class=\" translation-block\"><b>inscico<\/b> is devoted to science and innovation communication.<\/p>\n<p class=\" translation-block\">Our <b>Institute<\/b> conducts contract research with and for public funders and industry. We audit and design methods for impact evaluation, and facilitate change management processes in communication.<\/p>\n<p class=\" translation-block\">Our <b>Academy<\/b> branch offers customised trainings to support the professionalisation of your team.<\/p>\n<p class=\" translation-block\">For various forms of media production, we also run our own <b>publishing house<\/b> with a film studio and a software development team, for instance for mobile apps.<\/p>\t\t\t\t\t\t<\/div>\n\t\t\t\t<\/div>\n\t\t\t\t\t<\/div>\n\t\t<\/div>\n\t\t\t\t\t<\/div>\n\t\t<\/section>\n\t\t\t\t<section class=\"elementor-section elementor-top-section elementor-element elementor-element-2f7cc1fb elementor-section-boxed elementor-section-height-default elementor-section-height-default elementor-invisible\" data-id=\"2f7cc1fb\" data-element_type=\"section\" data-settings=\"{&quot;animation&quot;:&quot;fadeIn&quot;}\">\n\t\t\t\t\t\t<div class=\"elementor-container elementor-column-gap-default\">\n\t\t\t\t\t<div class=\"elementor-column elementor-col-50 elementor-top-column elementor-element elementor-element-365b9424\" data-id=\"365b9424\" data-element_type=\"column\">\n\t\t\t<div class=\"elementor-widget-wrap elementor-element-populated\">\n\t\t\t\t\t\t<div class=\"elementor-element elementor-element-21fc8245 elementor-invisible elementor-widget elementor-widget-heading\" data-id=\"21fc8245\" data-element_type=\"widget\" data-settings=\"{&quot;_animation&quot;:&quot;fadeInLeft&quot;}\" data-widget_type=\"heading.default\">\n\t\t\t\t<div class=\"elementor-widget-container\">\n\t\t\t<h2 class=\"elementor-heading-title elementor-size-default\">Forschung &amp; Evaluation<\/h2>\t\t<\/div>\n\t\t\t\t<\/div>\n\t\t\t\t\t<\/div>\n\t\t<\/div>\n\t\t\t\t<div class=\"elementor-column elementor-col-50 elementor-top-column elementor-element elementor-element-7c81c889\" data-id=\"7c81c889\" data-element_type=\"column\">\n\t\t\t<div class=\"elementor-widget-wrap elementor-element-populated\">\n\t\t\t\t\t\t<div class=\"elementor-element elementor-element-94c411b elementor-widget elementor-widget-heading\" data-id=\"94c411b\" data-element_type=\"widget\" data-widget_type=\"heading.default\">\n\t\t\t\t<div class=\"elementor-widget-container\">\n\t\t\t<h4 class=\"elementor-heading-title elementor-size-default\">Dovetailing Scholarship and Practice<\/h4>\t\t<\/div>\n\t\t\t\t<\/div>\n\t\t\t\t<div class=\"elementor-element elementor-element-49669563 elementor-widget elementor-widget-text-editor\" data-id=\"49669563\" data-element_type=\"widget\" data-widget_type=\"text-editor.default\">\n\t\t\t\t<div class=\"elementor-widget-container\">\n\t\t\t\t\t\t\t<p style=\"font-weight: 400;\" class=\" translation-block\">With more than 40.000 reads, our manifesto on \u201cEvidence-based Science Communication\u201d (<a href=\"https:\/\/doi.org\/10.3389\/fcomm.2019.00078\" target=\"_self\">Jensen &amp; Gerber, 2020<\/a>) has given voice to a need for exchange between practitioners and scholars of science communication. We have tried to foster these forms of transfer and \u2018praxis\u2019 in applying our research as part of various projects, both directly contracted by industry, and through various projects funded by the European Commission, national and regional RFOs, private foundations, and NGOs.<\/p>\t\t\t\t\t\t<\/div>\n\t\t\t\t<\/div>\n\t\t\t\t<div class=\"elementor-element elementor-element-90fe048 elementor-widget elementor-widget-heading\" data-id=\"90fe048\" data-element_type=\"widget\" data-widget_type=\"heading.default\">\n\t\t\t\t<div class=\"elementor-widget-container\">\n\t\t\t<h4 class=\"elementor-heading-title elementor-size-default\">Social Research Toolbox<\/h4>\t\t<\/div>\n\t\t\t\t<\/div>\n\t\t\t\t<div class=\"elementor-element elementor-element-99a7a46 elementor-widget elementor-widget-text-editor\" data-id=\"99a7a46\" data-element_type=\"widget\" data-widget_type=\"text-editor.default\">\n\t\t\t\t<div class=\"elementor-widget-container\">\n\t\t\t\t\t\t\t<p style=\"font-weight: 400;\">We specialise in evidence-based design, testing and validation of sophisticated research instruments for measuring the impact of science &amp; innovation communication. When clients ask us to audit their existing evaluation practices, most of the tools normally do not pass the methods test. Even many standard tools such as surveys, interviews or focus groups often bear severe design flaws, which inevitably results in misleading data and thus potentially wrong decisions.<\/p><p style=\"font-weight: 400;\">By carefully mixing and triangulating different methodologies and types of data, our evaluation strategies can help reveal strengths and weaknesses, opportunities and threats of institutional communication, many of which the client often was not aware of.<\/p><p style=\"font-weight: 400;\">In addition to the standard toolbox of applied empirical social science research methods, inscico is also experienced in ethnographic approaches, comparative and trans-cultural studies, environmental economics, and automated data-rich content analyses.<\/p>\t\t\t\t\t\t<\/div>\n\t\t\t\t<\/div>\n\t\t\t\t<div class=\"elementor-element elementor-element-ecec7dd elementor-widget elementor-widget-heading\" data-id=\"ecec7dd\" data-element_type=\"widget\" data-widget_type=\"heading.default\">\n\t\t\t\t<div class=\"elementor-widget-container\">\n\t\t\t<h4 class=\"elementor-heading-title elementor-size-default\">Research-based Governance Change<\/h4>\t\t<\/div>\n\t\t\t\t<\/div>\n\t\t\t\t<div class=\"elementor-element elementor-element-1fe2f73 elementor-widget elementor-widget-text-editor\" data-id=\"1fe2f73\" data-element_type=\"widget\" data-widget_type=\"text-editor.default\">\n\t\t\t\t<div class=\"elementor-widget-container\">\n\t\t\t\t\t\t\t<div><span lang=\"DE\">Besides helping organisations improve their understanding of communication impacts, we also support internal strategy development much earlier in the process. Approaches such as Design Thinking and Theory of Change can help organisations reassess their communication strategies and complement those with innovative communication initiatives. As a driver for change, we often recommend conducting a systematic stakeholder analysis, possibly even by co-creating the future strategies with those stakeholders as part of the process.<\/span><\/div>\t\t\t\t\t\t<\/div>\n\t\t\t\t<\/div>\n\t\t\t\t\t<\/div>\n\t\t<\/div>\n\t\t\t\t\t<\/div>\n\t\t<\/section>\n\t\t\t\t<section class=\"elementor-section elementor-top-section elementor-element elementor-element-1955bc4 elementor-section-boxed elementor-section-height-default elementor-section-height-default elementor-invisible\" data-id=\"1955bc4\" data-element_type=\"section\" data-settings=\"{&quot;animation&quot;:&quot;fadeIn&quot;}\">\n\t\t\t\t\t\t<div class=\"elementor-container elementor-column-gap-default\">\n\t\t\t\t\t<div class=\"elementor-column elementor-col-50 elementor-top-column elementor-element elementor-element-e0e6988\" data-id=\"e0e6988\" data-element_type=\"column\">\n\t\t\t<div class=\"elementor-widget-wrap elementor-element-populated\">\n\t\t\t\t\t\t<div class=\"elementor-element elementor-element-e70f543 elementor-invisible elementor-widget elementor-widget-heading\" data-id=\"e70f543\" data-element_type=\"widget\" data-settings=\"{&quot;_animation&quot;:&quot;fadeInLeft&quot;}\" data-widget_type=\"heading.default\">\n\t\t\t\t<div class=\"elementor-widget-container\">\n\t\t\t<h2 class=\"elementor-heading-title elementor-size-default\">Beratung &amp; Weiterbildung<\/h2>\t\t<\/div>\n\t\t\t\t<\/div>\n\t\t\t\t\t<\/div>\n\t\t<\/div>\n\t\t\t\t<div class=\"elementor-column elementor-col-50 elementor-top-column elementor-element elementor-element-4380d7d\" data-id=\"4380d7d\" data-element_type=\"column\">\n\t\t\t<div class=\"elementor-widget-wrap elementor-element-populated\">\n\t\t\t\t\t\t<div class=\"elementor-element elementor-element-6265a55 elementor-widget elementor-widget-heading\" data-id=\"6265a55\" data-element_type=\"widget\" data-widget_type=\"heading.default\">\n\t\t\t\t<div class=\"elementor-widget-container\">\n\t\t\t<h4 class=\"elementor-heading-title elementor-size-default\">Professionalisation Through Customized Training<\/h4>\t\t<\/div>\n\t\t\t\t<\/div>\n\t\t\t\t<div class=\"elementor-element elementor-element-865859d elementor-widget elementor-widget-text-editor\" data-id=\"865859d\" data-element_type=\"widget\" data-widget_type=\"text-editor.default\">\n\t\t\t\t<div class=\"elementor-widget-container\">\n\t\t\t\t\t\t\t<div><span lang=\"DE\">Science communicators find themselves under increasing pressure to professionalise. While communication can only be as effective as the practitioners are skilled, the majority of them are actually career changers. We therefore help organisations close this gap between rapidly increasing demands and available methodological skill-sets in the communications team. Our Academy offers training and Continuing Professional Development (CPD) both face-to-face and online, in-house or externally, as short impulses or long-term programs, for large or small learning groups as well as individual coaching for executives.<\/span><\/div>\t\t\t\t\t\t<\/div>\n\t\t\t\t<\/div>\n\t\t\t\t<div class=\"elementor-element elementor-element-8c885de elementor-widget elementor-widget-heading\" data-id=\"8c885de\" data-element_type=\"widget\" data-widget_type=\"heading.default\">\n\t\t\t\t<div class=\"elementor-widget-container\">\n\t\t\t<h4 class=\"elementor-heading-title elementor-size-default\">Government and Policy Advice<\/h4>\t\t<\/div>\n\t\t\t\t<\/div>\n\t\t\t\t<div class=\"elementor-element elementor-element-20a6ca3 elementor-widget elementor-widget-text-editor\" data-id=\"20a6ca3\" data-element_type=\"widget\" data-widget_type=\"text-editor.default\">\n\t\t\t\t<div class=\"elementor-widget-container\">\n\t\t\t\t\t\t\t<p style=\"font-weight: 400;\">inscico has provided several governments and trans-national organisations with guidance on how science \/ innovation \/ technology policy can be designed to foster certain forms of communication and transfer, especially in the areas of transdisciplinary research, social innovation, and RRI.<\/p>\t\t\t\t\t\t<\/div>\n\t\t\t\t<\/div>\n\t\t\t\t\t<\/div>\n\t\t<\/div>\n\t\t\t\t\t<\/div>\n\t\t<\/section>\n\t\t\t\t<section class=\"elementor-section elementor-top-section elementor-element elementor-element-01ab111 elementor-section-boxed elementor-section-height-default elementor-section-height-default elementor-invisible\" data-id=\"01ab111\" data-element_type=\"section\" data-settings=\"{&quot;animation&quot;:&quot;fadeIn&quot;}\">\n\t\t\t\t\t\t<div class=\"elementor-container elementor-column-gap-default\">\n\t\t\t\t\t<div class=\"elementor-column elementor-col-50 elementor-top-column elementor-element elementor-element-9f4949f\" data-id=\"9f4949f\" data-element_type=\"column\">\n\t\t\t<div class=\"elementor-widget-wrap elementor-element-populated\">\n\t\t\t\t\t\t<div class=\"elementor-element elementor-element-0c950f8 elementor-invisible elementor-widget elementor-widget-heading\" data-id=\"0c950f8\" data-element_type=\"widget\" data-settings=\"{&quot;_animation&quot;:&quot;fadeInLeft&quot;}\" data-widget_type=\"heading.default\">\n\t\t\t\t<div class=\"elementor-widget-container\">\n\t\t\t<h2 class=\"elementor-heading-title elementor-size-default\">Verlag &amp; Medien&shy;entwicklung<\/h2>\t\t<\/div>\n\t\t\t\t<\/div>\n\t\t\t\t\t<\/div>\n\t\t<\/div>\n\t\t\t\t<div class=\"elementor-column elementor-col-50 elementor-top-column elementor-element elementor-element-b1018f3\" data-id=\"b1018f3\" data-element_type=\"column\">\n\t\t\t<div class=\"elementor-widget-wrap elementor-element-populated\">\n\t\t\t\t\t\t<div class=\"elementor-element elementor-element-e13d4c2 elementor-widget elementor-widget-heading\" data-id=\"e13d4c2\" data-element_type=\"widget\" data-widget_type=\"heading.default\">\n\t\t\t\t<div class=\"elementor-widget-container\">\n\t\t\t<h4 class=\"elementor-heading-title elementor-size-default\">Your Trusted Publishing Partner<\/h4>\t\t<\/div>\n\t\t\t\t<\/div>\n\t\t\t\t<div class=\"elementor-element elementor-element-82bcd81 elementor-widget elementor-widget-text-editor\" data-id=\"82bcd81\" data-element_type=\"widget\" data-widget_type=\"text-editor.default\">\n\t\t\t\t<div class=\"elementor-widget-container\">\n\t\t\t\t\t\t\t<p style=\"font-weight: 400;\" class=\" translation-block\">With experience both in various fields of science \/ innovation on the one hand and publishing \/ film production \/ software development on the other, we support your projects with out-of-the-box solutions, online and printing. <p><\/p>As a \u2018general contractor\u2019, we can help with concept and story-mining, script-writing or journalistic content and film production, text editing and lectorate, layout, graphic design and animation, online and offline content marketing, programming of websites and mobile apps.<\/p>\t\t\t\t\t\t<\/div>\n\t\t\t\t<\/div>\n\t\t\t\t<div class=\"elementor-element elementor-element-49ba260 elementor-widget elementor-widget-heading\" data-id=\"49ba260\" data-element_type=\"widget\" data-widget_type=\"heading.default\">\n\t\t\t\t<div class=\"elementor-widget-container\">\n\t\t\t<h4 class=\"elementor-heading-title elementor-size-default\">Direct Orders<\/h4>\t\t<\/div>\n\t\t\t\t<\/div>\n\t\t\t\t<div class=\"elementor-element elementor-element-3daa826 elementor-widget elementor-widget-text-editor\" data-id=\"3daa826\" data-element_type=\"widget\" data-widget_type=\"text-editor.default\">\n\t\t\t\t<div class=\"elementor-widget-container\">\n\t\t\t\t\t\t\t<p style=\"font-weight: 400;\">To order books directly from our publishing house (instead of through your local bookstore, online vendors, or e-book providers), please contact us under <a href=\"mailto:verlag@inscico.eu\">verlag@inscico.eu<\/a>.<\/p><p style=\"font-weight: 400;\">The following books are available to order to order at the moment:<\/p>\t\t\t\t\t\t<\/div>\n\t\t\t\t<\/div>\n\t\t\t\t<section class=\"elementor-section elementor-inner-section elementor-element elementor-element-8fa4423 elementor-section-boxed elementor-section-height-default elementor-section-height-default\" data-id=\"8fa4423\" data-element_type=\"section\">\n\t\t\t\t\t\t<div class=\"elementor-container elementor-column-gap-default\">\n\t\t\t\t\t<div class=\"elementor-column elementor-col-33 elementor-inner-column elementor-element elementor-element-8178339\" data-id=\"8178339\" data-element_type=\"column\">\n\t\t\t<div class=\"elementor-widget-wrap elementor-element-populated\">\n\t\t\t\t\t\t<div class=\"elementor-element elementor-element-a3ab88a elementor-widget elementor-widget-heading\" data-id=\"a3ab88a\" data-element_type=\"widget\" data-widget_type=\"heading.default\">\n\t\t\t\t<div class=\"elementor-widget-container\">\n\t\t\t<h5 class=\"elementor-heading-title elementor-size-default\">edition innovare<\/h5>\t\t<\/div>\n\t\t\t\t<\/div>\n\t\t\t\t<div class=\"elementor-element elementor-element-96b9e11 elementor-widget elementor-widget-text-editor\" data-id=\"96b9e11\" data-element_type=\"widget\" data-widget_type=\"text-editor.default\">\n\t\t\t\t<div class=\"elementor-widget-container\">\n\t\t\t\t\t\t\t<p>Trendstudie Wissenschafts\u00adkommunikation<br \/><em>(Gerber)<\/em><\/p>\t\t\t\t\t\t<\/div>\n\t\t\t\t<\/div>\n\t\t\t\t<div class=\"elementor-element elementor-element-09f2bdf elementor-widget elementor-widget-text-editor\" data-id=\"09f2bdf\" data-element_type=\"widget\" data-widget_type=\"text-editor.default\">\n\t\t\t\t<div class=\"elementor-widget-container\">\n\t\t\t\t\t\t\t<p>Science Communication Research Field Analysis<br \/><em>(Gerber et al.)<\/em><\/p>\t\t\t\t\t\t<\/div>\n\t\t\t\t<\/div>\n\t\t\t\t\t<\/div>\n\t\t<\/div>\n\t\t\t\t<div class=\"elementor-column elementor-col-33 elementor-inner-column elementor-element elementor-element-d69e310\" data-id=\"d69e310\" data-element_type=\"column\">\n\t\t\t<div class=\"elementor-widget-wrap elementor-element-populated\">\n\t\t\t\t\t\t<div class=\"elementor-element elementor-element-ec0fb09 elementor-widget elementor-widget-heading\" data-id=\"ec0fb09\" data-element_type=\"widget\" data-widget_type=\"heading.default\">\n\t\t\t\t<div class=\"elementor-widget-container\">\n\t\t\t<h5 class=\"elementor-heading-title elementor-size-default\">edition wissenschafts&shy;marketing<\/h5>\t\t<\/div>\n\t\t\t\t<\/div>\n\t\t\t\t<div class=\"elementor-element elementor-element-284fdb3 elementor-widget elementor-widget-text-editor\" data-id=\"284fdb3\" data-element_type=\"widget\" data-widget_type=\"text-editor.default\">\n\t\t\t\t<div class=\"elementor-widget-container\">\n\t\t\t\t\t\t\t<p>Wissenschaftssystem und Wissenschaftsrecht<br \/><em>(Wolf &amp; Hauf)<\/em><\/p>\t\t\t\t\t\t<\/div>\n\t\t\t\t<\/div>\n\t\t\t\t<div class=\"elementor-element elementor-element-f98d649 elementor-widget elementor-widget-text-editor\" data-id=\"f98d649\" data-element_type=\"widget\" data-widget_type=\"text-editor.default\">\n\t\t\t\t<div class=\"elementor-widget-container\">\n\t\t\t\t\t\t\t<p>Events in der Wissenschaft<br \/><em>(Kirchner et al.)<\/em><\/p>\t\t\t\t\t\t<\/div>\n\t\t\t\t<\/div>\n\t\t\t\t<div class=\"elementor-element elementor-element-a66e112 elementor-widget elementor-widget-text-editor\" data-id=\"a66e112\" data-element_type=\"widget\" data-widget_type=\"text-editor.default\">\n\t\t\t\t<div class=\"elementor-widget-container\">\n\t\t\t\t\t\t\t<p>Public Affairs in der Wissenschaft<br \/><em>(Mono)<\/em><\/p>\t\t\t\t\t\t<\/div>\n\t\t\t\t<\/div>\n\t\t\t\t<div class=\"elementor-element elementor-element-8395880 elementor-widget elementor-widget-text-editor\" data-id=\"8395880\" data-element_type=\"widget\" data-widget_type=\"text-editor.default\">\n\t\t\t\t<div class=\"elementor-widget-container\">\n\t\t\t\t\t\t\t<p>Wissenschaft als Marke<br \/><em>(J\u00e4nig &amp; Labahn)<\/em><\/p>\t\t\t\t\t\t<\/div>\n\t\t\t\t<\/div>\n\t\t\t\t\t<\/div>\n\t\t<\/div>\n\t\t\t\t<div class=\"elementor-column elementor-col-33 elementor-inner-column elementor-element elementor-element-67314a7\" data-id=\"67314a7\" data-element_type=\"column\">\n\t\t\t<div class=\"elementor-widget-wrap elementor-element-populated\">\n\t\t\t\t\t\t<div class=\"elementor-element elementor-element-9c3850c elementor-widget elementor-widget-heading\" data-id=\"9c3850c\" data-element_type=\"widget\" data-widget_type=\"heading.default\">\n\t\t\t\t<div class=\"elementor-widget-container\">\n\t\t\t<h5 class=\"elementor-heading-title elementor-size-default\">edition poetis<\/h5>\t\t<\/div>\n\t\t\t\t<\/div>\n\t\t\t\t<div class=\"elementor-element elementor-element-79f93c7 elementor-widget elementor-widget-text-editor\" data-id=\"79f93c7\" data-element_type=\"widget\" data-widget_type=\"text-editor.default\">\n\t\t\t\t<div class=\"elementor-widget-container\">\n\t\t\t\t\t\t\t<p>Visits <em>(Crawford)<\/em><\/p>\t\t\t\t\t\t<\/div>\n\t\t\t\t<\/div>\n\t\t\t\t\t<\/div>\n\t\t<\/div>\n\t\t\t\t\t<\/div>\n\t\t<\/section>\n\t\t\t\t\t<\/div>\n\t\t<\/div>\n\t\t\t\t\t<\/div>\n\t\t<\/section>\n\t\t\t\t<\/div>","protected":false},"excerpt":{"rendered":"<p>Communicate&nbsp;to&nbsp;Innovate Innovate&nbsp;to&nbsp;Communicate Bei inscico dreht sich alles um die Wissenschafts- und Innovationskommunikation. Unser Institut betreibt Auftragsforschung mit und f\u00fcr \u00f6ffentliche und industrielle Partner. Wir&nbsp;auditieren und entwickeln Evaluationsmethoden und begleiten Change-Management-Prozesse in der Kommunikation. Unser Akademiebereich bietet ma\u00dfgeschneiderte Schulungen an, mit denen Ihre Teams sich weiter professionalisieren k\u00f6nnen. F\u00fcr Medienproduktionen unterschiedlichster Art betreiben wir au\u00dferdem&nbsp;einen eigenen [&hellip;]<\/p>","protected":false},"author":1,"featured_media":0,"parent":0,"menu_order":0,"comment_status":"closed","ping_status":"closed","template":"","meta":{"footnotes":""},"class_list":["post-8","page","type-page","status-publish","hentry"],"_links":{"self":[{"href":"https:\/\/inscico.eu\/en\/wp-json\/wp\/v2\/pages\/8","targetHints":{"allow":["GET"]}}],"collection":[{"href":"https:\/\/inscico.eu\/en\/wp-json\/wp\/v2\/pages"}],"about":[{"href":"https:\/\/inscico.eu\/en\/wp-json\/wp\/v2\/types\/page"}],"author":[{"embeddable":true,"href":"https:\/\/inscico.eu\/en\/wp-json\/wp\/v2\/users\/1"}],"replies":[{"embeddable":true,"href":"https:\/\/inscico.eu\/en\/wp-json\/wp\/v2\/comments?post=8"}],"version-history":[{"count":84,"href":"https:\/\/inscico.eu\/en\/wp-json\/wp\/v2\/pages\/8\/revisions"}],"predecessor-version":[{"id":235,"href":"https:\/\/inscico.eu\/en\/wp-json\/wp\/v2\/pages\/8\/revisions\/235"}],"wp:attachment":[{"href":"https:\/\/inscico.eu\/en\/wp-json\/wp\/v2\/media?parent=8"}],"curies":[{"name":"wp","href":"https:\/\/api.w.org\/{rel}","templated":true}]}}